{"id":43,"date":"2023-10-23T09:05:57","date_gmt":"2023-10-23T09:05:57","guid":{"rendered":"http:\/\/ipstecnic.com\/?page_id=43"},"modified":"2023-11-20T12:36:26","modified_gmt":"2023-11-20T11:36:26","slug":"noticies","status":"publish","type":"page","link":"https:\/\/www.ipstecnic.com\/es\/noticies\/","title":{"rendered":"Noticias"},"content":{"rendered":"<div data-elementor-type=\"wp-page\" data-elementor-id=\"43\" class=\"elementor elementor-43\" data-elementor-post-type=\"page\">\n\t\t\t\t<div class=\"elementor-element elementor-element-eea2a01 e-con-full e-flex e-con e-parent\" data-id=\"eea2a01\" data-element_type=\"container\" data-e-type=\"container\" data-settings=\"{&quot;background_background&quot;:&quot;classic&quot;}\">\n\t\t\t\t<\/div>\n\t\t<div class=\"elementor-element elementor-element-8ef8e28 e-con-full e-flex e-con e-parent\" data-id=\"8ef8e28\" data-element_type=\"container\" data-e-type=\"container\">\n\t\t<div class=\"elementor-element elementor-element-f19891f e-con-full e-flex e-con e-child\" data-id=\"f19891f\" data-element_type=\"container\" data-e-type=\"container\">\n\t\t\t\t<div class=\"elementor-element elementor-element-f109ad1 elementor-widget elementor-widget-heading\" data-id=\"f109ad1\" data-element_type=\"widget\" data-e-type=\"widget\" data-widget_type=\"heading.default\">\n\t\t\t\t<div class=\"elementor-widget-container\">\n\t\t\t\t\t<h2 class=\"elementor-heading-title elementor-size-default\">DESCUBRE LA ARQUITECTURA T\u00c9CNICA: ART\u00cdCULOS Y NOVEDADES DESTACADAS<\/h2>\t\t\t\t<\/div>\n\t\t\t\t<\/div>\n\t\t\t\t<div class=\"elementor-element elementor-element-6f33bcd elementor-widget elementor-widget-text-editor\" data-id=\"6f33bcd\" data-element_type=\"widget\" data-e-type=\"widget\" data-widget_type=\"text-editor.default\">\n\t\t\t\t<div class=\"elementor-widget-container\">\n\t\t\t\t\t\t\t\t\t<p style=\"font-weight: 400;\">Bienvenidos a nuestro blog especializado en el universo de la arquitectura t\u00e9cnica y la gesti\u00f3n integral de proyectos de construcci\u00f3n y reforma, donde compartiremos informaci\u00f3n relevante y las \u00faltimas novedades del sector.<\/p>\t\t\t\t\t\t\t\t<\/div>\n\t\t\t\t<\/div>\n\t\t\t\t<div class=\"elementor-element elementor-element-b33f167 elementor-grid-3 elementor-grid-tablet-2 elementor-grid-mobile-1 elementor-posts--thumbnail-top elementor-card-shadow-yes elementor-posts__hover-gradient elementor-widget elementor-widget-posts\" data-id=\"b33f167\" data-element_type=\"widget\" data-e-type=\"widget\" data-settings=\"{&quot;pagination_type&quot;:&quot;numbers&quot;,&quot;cards_columns&quot;:&quot;3&quot;,&quot;cards_columns_tablet&quot;:&quot;2&quot;,&quot;cards_columns_mobile&quot;:&quot;1&quot;,&quot;cards_row_gap&quot;:{&quot;unit&quot;:&quot;px&quot;,&quot;size&quot;:35,&quot;sizes&quot;:[]},&quot;cards_row_gap_tablet&quot;:{&quot;unit&quot;:&quot;px&quot;,&quot;size&quot;:&quot;&quot;,&quot;sizes&quot;:[]},&quot;cards_row_gap_mobile&quot;:{&quot;unit&quot;:&quot;px&quot;,&quot;size&quot;:&quot;&quot;,&quot;sizes&quot;:[]}}\" data-widget_type=\"posts.cards\">\n\t\t\t\t<div class=\"elementor-widget-container\">\n\t\t\t\t\t\t\t<div class=\"elementor-posts-container elementor-posts elementor-posts--skin-cards elementor-grid\" role=\"list\">\n\t\t\t\t<article class=\"elementor-post elementor-grid-item post-296 post type-post status-publish format-standard has-post-thumbnail hentry category-uncategorized\" role=\"listitem\">\n\t\t\t<div class=\"elementor-post__card\">\n\t\t\t\t<a class=\"elementor-post__thumbnail__link\" href=\"https:\/\/www.ipstecnic.com\/es\/gestio-dobres-de-reforma-de-lhabitatge\/\" tabindex=\"-1\" ><div class=\"elementor-post__thumbnail\"><img decoding=\"async\" width=\"300\" height=\"133\" src=\"https:\/\/www.ipstecnic.com\/wp-content\/uploads\/2023\/11\/Copia-de-Plantilla-banner-web-300x133.jpg\" class=\"attachment-medium size-medium wp-image-301\" alt=\"Obra de reforma de l&#039;habitatge\" srcset=\"https:\/\/www.ipstecnic.com\/wp-content\/uploads\/2023\/11\/Copia-de-Plantilla-banner-web-300x133.jpg 300w, https:\/\/www.ipstecnic.com\/wp-content\/uploads\/2023\/11\/Copia-de-Plantilla-banner-web-1024x453.jpg 1024w, https:\/\/www.ipstecnic.com\/wp-content\/uploads\/2023\/11\/Copia-de-Plantilla-banner-web-768x340.jpg 768w, https:\/\/www.ipstecnic.com\/wp-content\/uploads\/2023\/11\/Copia-de-Plantilla-banner-web-1536x680.jpg 1536w, https:\/\/www.ipstecnic.com\/wp-content\/uploads\/2023\/11\/Copia-de-Plantilla-banner-web-18x8.jpg 18w, https:\/\/www.ipstecnic.com\/wp-content\/uploads\/2023\/11\/Copia-de-Plantilla-banner-web.jpg 1920w\" sizes=\"(max-width: 300px) 100vw, 300px\" \/><\/div><\/a>\n\t\t\t\t<div class=\"elementor-post__text\">\n\t\t\t\t<h3 class=\"elementor-post__title\">\n\t\t\t<a href=\"https:\/\/www.ipstecnic.com\/es\/gestio-dobres-de-reforma-de-lhabitatge\/\" >\n\t\t\t\tEl inter\u00e9s creciente en la gesti\u00f3n de obras de reforma de la vivienda\t\t\t<\/a>\n\t\t<\/h3>\n\t\t\t\t<div class=\"elementor-post__excerpt\">\n\t\t\t<p>Desde la pandemia de 2020 ha habido un incremento significativo de proyectos de reforma de la vivienda: desde<\/p>\n\t\t<\/div>\n\t\t\n\t\t<a class=\"elementor-post__read-more\" href=\"https:\/\/www.ipstecnic.com\/es\/gestio-dobres-de-reforma-de-lhabitatge\/\" aria-label=\"M\u00e1s informaci\u00f3n sobre L&#8217;inter\u00e8s creixent en la gesti\u00f3 d&#8217;obres de reforma de l&#8217;habitatge\" tabindex=\"-1\" >\n\t\t\t Leer noticia\t\t<\/a>\n\n\t\t\t\t<\/div>\n\t\t\t\t<div class=\"elementor-post__meta-data\">\n\t\t\t\t\t<span class=\"elementor-post-date\">\n\t\t\t14 de noviembre de 2023\t\t<\/span>\n\t\t\t\t<\/div>\n\t\t\t\t\t<\/div>\n\t\t<\/article>\n\t\t\t\t<\/div>\n\t\t\n\t\t\t\t\t\t<\/div>\n\t\t\t\t<\/div>\n\t\t\t\t<\/div>\n\t\t\t\t<\/div>\n\t\t\t\t<\/div>","protected":false},"excerpt":{"rendered":"<p>DESCOBREIX L&#8217;ARQUITECTURA T\u00c8CNICA: ARTICLES I NOVETATS DESTACADES Benvinguts al nostre blog especialitzat en l&#8217;univers de l&#8217;arquitectura t\u00e8cnica i la gesti\u00f3 integral de projectes de construcci\u00f3 i reforma, on compartirem informaci\u00f3 rellevant i les \u00faltimes novetats del sector.<\/p>","protected":false},"author":1,"featured_media":0,"parent":0,"menu_order":0,"comment_status":"closed","ping_status":"closed","template":"elementor_header_footer","meta":{"footnotes":""},"class_list":["post-43","page","type-page","status-publish","hentry"],"_links":{"self":[{"href":"https:\/\/www.ipstecnic.com\/es\/wp-json\/wp\/v2\/pages\/43","targetHints":{"allow":["GET"]}}],"collection":[{"href":"https:\/\/www.ipstecnic.com\/es\/wp-json\/wp\/v2\/pages"}],"about":[{"href":"https:\/\/www.ipstecnic.com\/es\/wp-json\/wp\/v2\/types\/page"}],"author":[{"embeddable":true,"href":"https:\/\/www.ipstecnic.com\/es\/wp-json\/wp\/v2\/users\/1"}],"replies":[{"embeddable":true,"href":"https:\/\/www.ipstecnic.com\/es\/wp-json\/wp\/v2\/comments?post=43"}],"version-history":[{"count":31,"href":"https:\/\/www.ipstecnic.com\/es\/wp-json\/wp\/v2\/pages\/43\/revisions"}],"predecessor-version":[{"id":378,"href":"https:\/\/www.ipstecnic.com\/es\/wp-json\/wp\/v2\/pages\/43\/revisions\/378"}],"wp:attachment":[{"href":"https:\/\/www.ipstecnic.com\/es\/wp-json\/wp\/v2\/media?parent=43"}],"curies":[{"name":"wp","href":"https:\/\/api.w.org\/{rel}","templated":true}]}}