{"id":400,"date":"2023-11-22T13:37:41","date_gmt":"2023-11-22T12:37:41","guid":{"rendered":"https:\/\/www.ipstecnic.com\/?page_id=400"},"modified":"2023-11-23T09:00:32","modified_gmt":"2023-11-23T08:00:32","slug":"politica-de-cookies","status":"publish","type":"page","link":"https:\/\/www.ipstecnic.com\/es\/politica-de-cookies\/","title":{"rendered":"Pol\u00edtica de cookies"},"content":{"rendered":"\t\t<div data-elementor-type=\"wp-page\" data-elementor-id=\"400\" class=\"elementor elementor-400\" data-elementor-post-type=\"page\">\n\t\t\t\t<div class=\"elementor-element elementor-element-231132a e-con-full e-flex e-con e-parent\" data-id=\"231132a\" data-element_type=\"container\" data-e-type=\"container\">\n\t\t<div class=\"elementor-element elementor-element-c302842 e-con-full e-flex e-con e-child\" data-id=\"c302842\" data-element_type=\"container\" data-e-type=\"container\">\n\t\t\t\t<div class=\"elementor-element elementor-element-80e90ac elementor-widget elementor-widget-heading\" data-id=\"80e90ac\" data-element_type=\"widget\" data-e-type=\"widget\" data-widget_type=\"heading.default\">\n\t\t\t\t<div class=\"elementor-widget-container\">\n\t\t\t\t\t<h2 class=\"elementor-heading-title elementor-size-default\">POL\u00cdTICA DE COOKIES<\/h2>\t\t\t\t<\/div>\n\t\t\t\t<\/div>\n\t\t\t\t<div class=\"elementor-element elementor-element-a472992 elementor-widget elementor-widget-text-editor\" data-id=\"a472992\" data-element_type=\"widget\" data-e-type=\"widget\" data-widget_type=\"text-editor.default\">\n\t\t\t\t<div class=\"elementor-widget-container\">\n\t\t\t\t\t\t\t\t\t<p class=\"p1\"><span class=\"s1\">IGNASI POMAR SAIS, a trav\u00e9s del presente documento, recoge su Pol\u00edtica de recogida y tratamiento de cookies, en cumplimiento de lo que se dispone en el art\u00edculo 22.2 de la Ley 34\/2002, de 11 de julio, de Servicios de la Sociedad de la Informaci\u00f3n y de Comercio Electr\u00f3nico (LSSICE)<\/span><\/p><p class=\"p1\"><span class=\"s1\">Las cookies se almacenan en el equipo terminal del usuario (ordenador o dispositivo m\u00f3vil) y recopilan informaci\u00f3n al visitar la p\u00e1gina web www.ipstecnic.com, con el fin de mejorar la usabilidad de estas, conocer los h\u00e1bitos o necesidades de navegaci\u00f3n de los usuarios para poder adaptarse a estos, as\u00ed como obtener informaci\u00f3n con fines estad\u00edsticos. En el caso de aquellos usuarios que ya sean clientes de IGNASI POMAR SAIS, la informaci\u00f3n recopilada con las cookies servir\u00e1 tambi\u00e9n para su identificaci\u00f3n al acceder a las diferentes herramientas que IGNASI POMAR SAIS pone a su disposici\u00f3n para la gesti\u00f3n de los servicios.<\/span><\/p><p class=\"p1\"><span class=\"s1\">La presente Pol\u00edtica de Cookies ser\u00e1 aplicable a aquellos usuarios que voluntariamente visitan las p\u00e1ginas web de IGNASI POMAR SAIS, rellenan formularios de recogida de datos, acceden a las herramientas que IGNASI POMAR SAIS pone a disposici\u00f3n de sus clientes para gestionar sus servicios, o utilizan cualquier otro servicio presente en el sitio web que implique la comunicaci\u00f3n de datos a IGNASI POMAR SAIS, o el acceso a datos por IGNASI POMAR SAIS, para la prestaci\u00f3n de sus servicios.<\/span><\/p><p class=\"p1\"><span class=\"s1\">IGNASI POMAR SAIS informa a los usuarios de sus p\u00e1ginas web, de la existencia de cookies y pone a su disposici\u00f3n la presente Pol\u00edtica con el fin de informarlos sobre el uso y del objeto de estas. El hecho de continuar la navegaci\u00f3n a trav\u00e9s de sus p\u00e1ginas, supone el conocimiento y la aceptaci\u00f3n de la presente Pol\u00edtica por parte de estos usuarios.<\/span><\/p><p class=\"p1\"><span class=\"s1\"><b>IGNASI POMAR SAIS utiliza los siguientes tipos de cookies:<\/b><\/span><\/p>\t\t\t\t\t\t\t\t<\/div>\n\t\t\t\t<\/div>\n\t\t\t\t<div class=\"elementor-element elementor-element-53aace7 elementor-widget elementor-widget-shortcode\" data-id=\"53aace7\" data-element_type=\"widget\" data-e-type=\"widget\" data-widget_type=\"shortcode.default\">\n\t\t\t\t<div class=\"elementor-widget-container\">\n\t\t\t\t\t\t\t<div class=\"elementor-shortcode\">[cookie_audit_category]<\/div>\n\t\t\t\t\t\t<\/div>\n\t\t\t\t<\/div>\n\t\t\t\t<div class=\"elementor-element elementor-element-e82935b elementor-widget elementor-widget-text-editor\" data-id=\"e82935b\" data-element_type=\"widget\" data-e-type=\"widget\" data-widget_type=\"text-editor.default\">\n\t\t\t\t<div class=\"elementor-widget-container\">\n\t\t\t\t\t\t\t\t\t<p class=\"p1\"><span class=\"s1\"><b>Clasificadas por su titularidad:<\/b><\/span><\/p><p class=\"p1\"><span class=\"s1\">* Cookies propias: enviadas y gestionadas directamente por IGNASI POMAR SAIS.<\/span><\/p><p class=\"p1\"><span class=\"s1\">* Cookies de terceros: enviadas y gestionadas por un tercero ajeno a IGNASI POMAR SAIS, de manera an\u00f3nima, con el fin de realizar estudios estad\u00edsticos de navegaci\u00f3n por las p\u00e1ginas web de IGNASI POMAR SAIS.<\/span><\/p><p class=\"p1\"><strong><span class=\"s1\">Clasificadas por su finalidad:<\/span><\/strong><\/p><p class=\"p1\"><span class=\"s1\">* Cookies t\u00e9cnicas y\/o de personalizaci\u00f3n: facilitan la navegaci\u00f3n, al identificar la sesi\u00f3n, permitir el acceso a herramientas de acceso restringido, adem\u00e1s de configurar a medida las opciones disponibles. Posibilitan la prestaci\u00f3n del servicio solicitado previamente por el usuario.<\/span><\/p><p class=\"p1\"><span class=\"s1\">* Cookies de an\u00e1lisis y\/o publicidad: permiten conocer el n\u00famero de visitas recibidas en las diferentes secciones de las p\u00e1ginas web, los h\u00e1bitos y tendencias de sus usuarios y en consecuencia, poder mejorar la navegaci\u00f3n y el servicio ofrecido por IGNASI POMAR SAIS (fundamentalmente, Google Analytics), as\u00ed como gestionar los espacios publicitarios incluidos en la p\u00e1gina web visitada por el usuario. Recopila datos de manera an\u00f3nima con el fin de obtener perfiles de navegaci\u00f3n de los usuarios.<\/span><\/p><p class=\"p1\"><strong><span class=\"s1\">Clasificadas por su duraci\u00f3n:<\/span><\/strong><\/p><p class=\"p1\"><span class=\"s1\">* Cookies de sesi\u00f3n: recaudan y almacenan los datos mientras el usuario accede en la p\u00e1gina web.<\/span><\/p><p class=\"p1\"><span class=\"s1\">* Cookies persistentes: recaudan y almacenan los datos en el terminal del usuario durante un periodo de tiempo variable en funci\u00f3n de cual sea la finalidad para la cual han sido utilizadas.<\/span><\/p><p class=\"p1\"><span class=\"s1\">El tiempo de conservaci\u00f3n de las cookies depender\u00e1 del tipo de que se trate y siempre ser\u00e1 el m\u00ednimo indispensable para cumplir su finalidad.<\/span><\/p><p class=\"p1\"><span class=\"s1\">En cualquier caso, los usuarios pueden configurar su navegador, de forma que se deshabilite o bloquee la recepci\u00f3n de todas o algunas de las cookies. El hecho de no desear recibir estas cookies, no constituye un impedimento para poder acceder a la informaci\u00f3n de los sitios web de IGNASI POMAR SAIS aunque el uso de algunos servicios podr\u00e1 ser limitado. Si una vez otorgado el consentimiento para la recepci\u00f3n de cookies, se deseara retirar este, se tendr\u00e1n que eliminar aquellas almacenadas en el equipo del usuario, a trav\u00e9s de las opciones de los diferentes navegadores.<\/span><\/p><p class=\"p1\"><span class=\"s1\">La manera de configurar los diferentes navegadores para ejercitar las acciones se\u00f1aladas en los p\u00e1rrafos anteriores, se puede consultar en:<\/span><\/p><p class=\"p2\"><span class=\"s2\">*\u00a0Explorer:\u00a0<a href=\"http:\/\/windows.microsoft.com\/es-es\/windows7\/how-to-manage-cookies-in-internet-explorer-9\" target=\"_blank\" rel=\"noopener\"><span class=\"s3\">http:\/\/windows.microsoft.com\/es-es\/windows7\/how-to-manage-cookies-in-internet-explorer-9<\/span><\/a><\/span><\/p><p class=\"p2\"><span class=\"s2\">* Chrome:\u00a0<a href=\"https:\/\/support.google.com\/chrome\/answer\/95647?hl=es\" target=\"_blank\" rel=\"noopener\"><span class=\"s3\">https:\/\/support.google.com\/chrome\/answer\/95647?hl=es<\/span><\/a><\/span><\/p><p class=\"p2\"><span class=\"s2\">* Firefox:\u00a0<a href=\"http:\/\/support.mozilla.org\/es\/kb\/cookies-informacion-que-los-sitios-web-guardan-en-?redirectlocale=en-us&amp;redirectslug=cookies\" target=\"_blank\" rel=\"noopener\"><span class=\"s3\">http:\/\/support.mozilla.org\/es\/kb\/cookies-informacion-que-los-sitios-web-guardan-en-?redirectlocale=en-us&amp;redirectslug=cookies<\/span><\/a><\/span><\/p>\t\t\t\t\t\t\t\t<\/div>\n\t\t\t\t<\/div>\n\t\t\t\t<\/div>\n\t\t\t\t<\/div>\n\t\t\t\t<\/div>\n\t\t","protected":false},"excerpt":{"rendered":"<p>POL\u00cdTICA DE COOKIES IGNASI POMAR SAIS, a trav\u00e9s del presente documento, recoge su Pol\u00edtica de recogida y tratamiento de cookies, en cumplimiento de lo que se dispone en el art\u00edculo 22.2 de la Ley 34\/2002, de 11 de julio, de Servicios de la Sociedad de la Informaci\u00f3n y de Comercio Electr\u00f3nico (LSSICE) Las cookies se [&hellip;]<\/p>\n","protected":false},"author":1,"featured_media":0,"parent":0,"menu_order":0,"comment_status":"closed","ping_status":"closed","template":"elementor_header_footer","meta":{"footnotes":""},"class_list":["post-400","page","type-page","status-publish","hentry"],"_links":{"self":[{"href":"https:\/\/www.ipstecnic.com\/es\/wp-json\/wp\/v2\/pages\/400","targetHints":{"allow":["GET"]}}],"collection":[{"href":"https:\/\/www.ipstecnic.com\/es\/wp-json\/wp\/v2\/pages"}],"about":[{"href":"https:\/\/www.ipstecnic.com\/es\/wp-json\/wp\/v2\/types\/page"}],"author":[{"embeddable":true,"href":"https:\/\/www.ipstecnic.com\/es\/wp-json\/wp\/v2\/users\/1"}],"replies":[{"embeddable":true,"href":"https:\/\/www.ipstecnic.com\/es\/wp-json\/wp\/v2\/comments?post=400"}],"version-history":[{"count":10,"href":"https:\/\/www.ipstecnic.com\/es\/wp-json\/wp\/v2\/pages\/400\/revisions"}],"predecessor-version":[{"id":415,"href":"https:\/\/www.ipstecnic.com\/es\/wp-json\/wp\/v2\/pages\/400\/revisions\/415"}],"wp:attachment":[{"href":"https:\/\/www.ipstecnic.com\/es\/wp-json\/wp\/v2\/media?parent=400"}],"curies":[{"name":"wp","href":"https:\/\/api.w.org\/{rel}","templated":true}]}}