{"id":39,"date":"2023-10-23T09:05:35","date_gmt":"2023-10-23T09:05:35","guid":{"rendered":"http:\/\/ipstecnic.com\/?page_id=39"},"modified":"2023-11-14T09:02:02","modified_gmt":"2023-11-14T08:02:02","slug":"qui-soc","status":"publish","type":"page","link":"https:\/\/www.ipstecnic.com\/es\/qui-soc\/","title":{"rendered":"QUI\u00c9N SOY"},"content":{"rendered":"\t\t<div data-elementor-type=\"wp-page\" data-elementor-id=\"39\" class=\"elementor elementor-39\" data-elementor-post-type=\"page\">\n\t\t\t\t<div class=\"elementor-element elementor-element-04dbd5e e-flex e-con-boxed e-con e-parent\" data-id=\"04dbd5e\" data-element_type=\"container\" data-e-type=\"container\" data-settings=\"{&quot;background_background&quot;:&quot;slideshow&quot;,&quot;background_slideshow_gallery&quot;:[{&quot;id&quot;:131,&quot;url&quot;:&quot;https:\\\/\\\/www.ipstecnic.com\\\/wp-content\\\/uploads\\\/2023\\\/10\\\/Plantilla-banner-web.jpg&quot;},{&quot;id&quot;:132,&quot;url&quot;:&quot;https:\\\/\\\/www.ipstecnic.com\\\/wp-content\\\/uploads\\\/2023\\\/10\\\/ips2.jpg&quot;}],&quot;background_slideshow_slide_duration&quot;:3000,&quot;background_slideshow_loop&quot;:&quot;yes&quot;,&quot;background_slideshow_slide_transition&quot;:&quot;fade&quot;,&quot;background_slideshow_transition_duration&quot;:500}\">\n\t\t\t\t\t<div class=\"e-con-inner\">\n\t\t\t\t\t<\/div>\n\t\t\t\t<\/div>\n\t\t<div class=\"elementor-element elementor-element-d75c64e e-con-full e-flex e-con e-parent\" data-id=\"d75c64e\" data-element_type=\"container\" data-e-type=\"container\">\n\t\t<div class=\"elementor-element elementor-element-b51a950 e-con-full e-flex e-con e-child\" data-id=\"b51a950\" data-element_type=\"container\" data-e-type=\"container\">\n\t\t\t\t<div class=\"elementor-element elementor-element-373dd3b elementor-widget elementor-widget-heading\" data-id=\"373dd3b\" data-element_type=\"widget\" data-e-type=\"widget\" data-widget_type=\"heading.default\">\n\t\t\t\t<div class=\"elementor-widget-container\">\n\t\t\t\t\t<h2 class=\"elementor-heading-title elementor-size-default\">ARQUITECTE T\u00c8CNIC    &nbsp; &nbsp; | &nbsp; &nbsp;     APARELLADOR  &nbsp; &nbsp;| &nbsp; &nbsp;PROPERTY MANAGER<\/h2>\t\t\t\t<\/div>\n\t\t\t\t<\/div>\n\t\t\t\t<\/div>\n\t\t<div class=\"elementor-element elementor-element-1b66cff e-con-full e-flex e-con e-child\" data-id=\"1b66cff\" data-element_type=\"container\" data-e-type=\"container\">\n\t\t<div class=\"elementor-element elementor-element-2aa5e52 e-flex e-con-boxed e-con e-child\" data-id=\"2aa5e52\" data-element_type=\"container\" data-e-type=\"container\">\n\t\t\t\t\t<div class=\"e-con-inner\">\n\t\t\t\t<div class=\"elementor-element elementor-element-f44ac4d elementor-widget__width-inherit elementor-widget elementor-widget-text-editor\" data-id=\"f44ac4d\" data-element_type=\"widget\" data-e-type=\"widget\" data-widget_type=\"text-editor.default\">\n\t\t\t\t<div class=\"elementor-widget-container\">\n\t\t\t\t\t\t\t\t\tCOL\u00b7LEGIAT AL COL\u00b7LEGI DE L\u2019ARQUITECTURA T\u00c8CNICA DE GIRONA.\t\t\t\t\t\t\t\t<\/div>\n\t\t\t\t<\/div>\n\t\t\t\t\t<\/div>\n\t\t\t\t<\/div>\n\t\t\t\t<\/div>\n\t\t\t\t<\/div>\n\t\t<div class=\"elementor-element elementor-element-e135403 e-con-full e-flex e-con e-parent\" data-id=\"e135403\" data-element_type=\"container\" data-e-type=\"container\">\n\t\t<div class=\"elementor-element elementor-element-0f38286 e-con-full e-flex e-con e-child\" data-id=\"0f38286\" data-element_type=\"container\" data-e-type=\"container\">\n\t\t\t\t<div class=\"elementor-element elementor-element-f61c0ce elementor-widget elementor-widget-heading\" data-id=\"f61c0ce\" data-element_type=\"widget\" data-e-type=\"widget\" data-widget_type=\"heading.default\">\n\t\t\t\t<div class=\"elementor-widget-container\">\n\t\t\t\t\t<h2 class=\"elementor-heading-title elementor-size-default\">IGNASI POMAR SAIS<\/h2>\t\t\t\t<\/div>\n\t\t\t\t<\/div>\n\t\t\t\t<div class=\"elementor-element elementor-element-c1c96ca elementor-widget elementor-widget-text-editor\" data-id=\"c1c96ca\" data-element_type=\"widget\" data-e-type=\"widget\" data-widget_type=\"text-editor.default\">\n\t\t\t\t<div class=\"elementor-widget-container\">\n\t\t\t\t\t\t\t\t\t<p>Durant tots aquests anys com a arquitecte t\u00e8cnic la formaci\u00f3 ha estat continuada, realitzant diversos cursos en diferents camps que comprenen la nostra professi\u00f3. Entre ells, un Postgrau de Property Management &#8211; Gesti\u00f3 d\u2019actius immobiliaris al Col\u00b7legi d\u2019Aparelladors, Arquitectes T\u00e8cnics i Enginyers d\u2019Edificaci\u00f3 de Barcelona.<\/p><p>Aquest bagatge m\u2019ha perm\u00e8s con\u00e8ixer el m\u00f3n de la construcci\u00f3 des de diferents punts de vista.<\/p><p>Formar part d\u2019un projecte sentint-lo propi, la implicaci\u00f3 i tracte de proximitat s\u00f3n actituds essencials per copsar l\u2019objectiu del client i aconseguir el resultat desitjat.<\/p>\t\t\t\t\t\t\t\t<\/div>\n\t\t\t\t<\/div>\n\t\t\t\t<div class=\"elementor-element elementor-element-0f5fedf elementor-widget elementor-widget-heading\" data-id=\"0f5fedf\" data-element_type=\"widget\" data-e-type=\"widget\" data-widget_type=\"heading.default\">\n\t\t\t\t<div class=\"elementor-widget-container\">\n\t\t\t\t\t<h2 class=\"elementor-heading-title elementor-size-default\">FORMACI\u00d3 I EXPERI\u00c8NCIA LABORAL<\/h2>\t\t\t\t<\/div>\n\t\t\t\t<\/div>\n\t\t\t\t<div class=\"elementor-element elementor-element-518e1b9 elementor-widget elementor-widget-text-editor\" data-id=\"518e1b9\" data-element_type=\"widget\" data-e-type=\"widget\" data-widget_type=\"text-editor.default\">\n\t\t\t\t<div class=\"elementor-widget-container\">\n\t\t\t\t\t\t\t\t\t<p style=\"font-weight: 400;\">Tot i que la vinculaci\u00f3 amb el sector de la construcci\u00f3 ja ve de fam\u00edlia, els primers passos en el m\u00f3n laboral van ser com a pe\u00f3 de la construcci\u00f3. Aquesta etapa anava combinada amb els estudis. Primer un Cicle Formatiu de Grau Mitj\u00e0 de T\u00e8cnic en obres de la construcci\u00f3 (paleta), seguit d\u2019un Cicle Formatiu de Grau Superior de T\u00e8cnic Superior en Desenvolupament i Aplicaci\u00f3 de Projectes de la Construcci\u00f3 (delineant).<\/p><p style=\"font-weight: 400;\">Llavors vaig entrar al despatx d\u2019arquitectura familiar realitzant diverses tasques com a delineant mentre estudiava a la Universitat de Girona el Grau en Arquitectura T\u00e8cnica.<\/p>\t\t\t\t\t\t\t\t<\/div>\n\t\t\t\t<\/div>\n\t\t\t\t<\/div>\n\t\t<div class=\"elementor-element elementor-element-cb4570a e-con-full e-flex e-con e-child\" data-id=\"cb4570a\" data-element_type=\"container\" data-e-type=\"container\">\n\t\t\t\t<div class=\"elementor-element elementor-element-8407c7d elementor-widget elementor-widget-text-editor\" data-id=\"8407c7d\" data-element_type=\"widget\" data-e-type=\"widget\" data-widget_type=\"text-editor.default\">\n\t\t\t\t<div class=\"elementor-widget-container\">\n\t\t\t\t\t\t\t\t\tTENIR UNA VISI\u00d3 GLOBAL DEL PROC\u00c9S CONSTRUCTIU PERMET EXERCIR LA PROFESSI\u00d3 D\u2019UNA FORMA M\u00c9S EFICIENT.\t\t\t\t\t\t\t\t<\/div>\n\t\t\t\t<\/div>\n\t\t\t\t<div class=\"elementor-element elementor-element-c7fb18f elementor-align-left elementor-widget__width-inherit elementor-widget elementor-widget-button\" data-id=\"c7fb18f\" data-element_type=\"widget\" data-e-type=\"widget\" data-widget_type=\"button.default\">\n\t\t\t\t<div class=\"elementor-widget-container\">\n\t\t\t\t\t\t\t\t\t<div class=\"elementor-button-wrapper\">\n\t\t\t\t\t<a class=\"elementor-button elementor-button-link elementor-size-sm elementor-animation-grow\" href=\"\/projectes\">\n\t\t\t\t\t\t<span class=\"elementor-button-content-wrapper\">\n\t\t\t\t\t\t\t\t\t<span class=\"elementor-button-text\">PROJECTES<\/span>\n\t\t\t\t\t<\/span>\n\t\t\t\t\t<\/a>\n\t\t\t\t<\/div>\n\t\t\t\t\t\t\t\t<\/div>\n\t\t\t\t<\/div>\n\t\t\t\t<\/div>\n\t\t\t\t<\/div>\n\t\t\t\t<\/div>\n\t\t","protected":false},"excerpt":{"rendered":"<p>ARQUITECTE T\u00c8CNIC \u00a0 \u00a0 | \u00a0 \u00a0 APARELLADOR \u00a0 \u00a0| \u00a0 \u00a0PROPERTY MANAGER COL\u00b7LEGIAT AL COL\u00b7LEGI DE L\u2019ARQUITECTURA T\u00c8CNICA DE GIRONA. IGNASI POMAR SAIS Durant tots aquests anys com a arquitecte t\u00e8cnic la formaci\u00f3 ha estat continuada, realitzant diversos cursos en diferents camps que comprenen la nostra professi\u00f3. Entre ells, un Postgrau de Property Management [&hellip;]<\/p>\n","protected":false},"author":1,"featured_media":166,"parent":0,"menu_order":0,"comment_status":"closed","ping_status":"closed","template":"","meta":{"footnotes":""},"class_list":["post-39","page","type-page","status-publish","has-post-thumbnail","hentry"],"_links":{"self":[{"href":"https:\/\/www.ipstecnic.com\/es\/wp-json\/wp\/v2\/pages\/39","targetHints":{"allow":["GET"]}}],"collection":[{"href":"https:\/\/www.ipstecnic.com\/es\/wp-json\/wp\/v2\/pages"}],"about":[{"href":"https:\/\/www.ipstecnic.com\/es\/wp-json\/wp\/v2\/types\/page"}],"author":[{"embeddable":true,"href":"https:\/\/www.ipstecnic.com\/es\/wp-json\/wp\/v2\/users\/1"}],"replies":[{"embeddable":true,"href":"https:\/\/www.ipstecnic.com\/es\/wp-json\/wp\/v2\/comments?post=39"}],"version-history":[{"count":19,"href":"https:\/\/www.ipstecnic.com\/es\/wp-json\/wp\/v2\/pages\/39\/revisions"}],"predecessor-version":[{"id":279,"href":"https:\/\/www.ipstecnic.com\/es\/wp-json\/wp\/v2\/pages\/39\/revisions\/279"}],"wp:featuredmedia":[{"embeddable":true,"href":"https:\/\/www.ipstecnic.com\/es\/wp-json\/wp\/v2\/media\/166"}],"wp:attachment":[{"href":"https:\/\/www.ipstecnic.com\/es\/wp-json\/wp\/v2\/media?parent=39"}],"curies":[{"name":"wp","href":"https:\/\/api.w.org\/{rel}","templated":true}]}}