{"id":380,"date":"2023-11-22T12:50:36","date_gmt":"2023-11-22T11:50:36","guid":{"rendered":"https:\/\/www.ipstecnic.com\/?page_id=380"},"modified":"2023-11-22T13:14:55","modified_gmt":"2023-11-22T12:14:55","slug":"avis-legal","status":"publish","type":"page","link":"https:\/\/www.ipstecnic.com\/es\/avis-legal\/","title":{"rendered":"Avis legal"},"content":{"rendered":"<div data-elementor-type=\"wp-page\" data-elementor-id=\"380\" class=\"elementor elementor-380\" data-elementor-post-type=\"page\">\n\t\t\t\t<div class=\"elementor-element elementor-element-dba5c82 e-con-full e-flex e-con e-parent\" data-id=\"dba5c82\" data-element_type=\"container\" data-e-type=\"container\">\n\t\t<div class=\"elementor-element elementor-element-80c2a08 e-con-full e-flex e-con e-child\" data-id=\"80c2a08\" data-element_type=\"container\" data-e-type=\"container\">\n\t\t\t\t<div class=\"elementor-element elementor-element-5140081 elementor-widget elementor-widget-heading\" data-id=\"5140081\" data-element_type=\"widget\" data-e-type=\"widget\" data-widget_type=\"heading.default\">\n\t\t\t\t<div class=\"elementor-widget-container\">\n\t\t\t\t\t<h2 class=\"elementor-heading-title elementor-size-default\">AVISO LEGAL<\/h2>\t\t\t\t<\/div>\n\t\t\t\t<\/div>\n\t\t\t\t<div class=\"elementor-element elementor-element-06ed2da elementor-widget elementor-widget-text-editor\" data-id=\"06ed2da\" data-element_type=\"widget\" data-e-type=\"widget\" data-widget_type=\"text-editor.default\">\n\t\t\t\t<div class=\"elementor-widget-container\">\n\t\t\t\t\t\t\t\t\t<p class=\"p1\"><span class=\"s1\"><b>Identificaci\u00f3n y Titularidad<\/b><\/span><\/p><p class=\"p1\"><span class=\"s1\">En cumplimiento del art\u00edculo 10 de la Ley 34 \/ 2002, de 11 de julio, de Servicios de la Sociedad de la Informaci\u00f3n y Comercio Electr\u00f3nico, el Titular expone sus datos identificativos.<\/span><\/p><p class=\"p1\"><span class=\"s2\">Titular<\/span><span class=\"s1\">: Ignasi Pomar Sais.<\/span><\/p><p class=\"p1\"><span class=\"s1\">Arquitecto T\u00e9cnico, colegiado en el Col\u00b7legi de l\u2019Arquitectura T\u00e8cnica de Girona amb n\u00ba 1436.<\/span><\/p><p class=\"p1\"><span class=\"s1\">NIF:<span class=\"Apple-converted-space\">\u00a0 <\/span>40373590-B<\/span><\/p><p class=\"p1\"><span class=\"s1\">Domicilio: Av. Barceloneta, 66 17410 Sils (Girona).<\/span><\/p><p class=\"p1\"><span class=\"s1\">Correo electr\u00f3nico: ignasi@ipstecnic.com.<\/span><\/p><p class=\"p1\"><span class=\"s1\">Sitio Web URL. www.ipstecnic.com<\/span><\/p><p class=\"p1\"><span class=\"s1\"><b>Legislaci\u00f3n<\/b><\/span><\/p><p class=\"p1\"><span class=\"s1\">Con car\u00e1cter general las relaciones entre IGNASI POMAR SAIS con los Usuarios de sus servicios telem\u00e1ticos, presentes en la web, se encuentran sometidas a la legislaci\u00f3n y jurisdicci\u00f3n espa\u00f1olas.<\/span><\/p><p class=\"p1\"><span class=\"s1\">Las partes renuncian expresamente al fuero que les pudiera corresponder y someten expresamente a los Juzgados y Tribunales de GIRONA para resolver cualquier controversia que pueda surgir en la interpretaci\u00f3n o ejecuci\u00f3n de las presentes condiciones contractuales.<\/span><\/p><p class=\"p1\"><span class=\"s1\"><b>Finalidades<\/b><\/span><\/p><p class=\"p1\"><span class=\"s1\">Las finalidades de esta p\u00e1gina web son el mantenimiento y gesti\u00f3n de la relaci\u00f3n con el Usuario, as\u00ed como las labores de informaci\u00f3n.<\/span><\/p><p class=\"p1\"><span class=\"s1\">El presente aviso legal (en adelante, el &#8220;Aviso Legal&#8221;) regula el uso del servicio del portal de Internet http:\/\/www.ipstecnic.com\/ (en adelante, el &#8220;Web&#8221;) de IGANSI POMAR SAIS con domicilio social en AVD BARCELONETA 66, SILS, 17410, GIRONA con CIF 40373590-B.<\/span><\/p><p class=\"p1\"><span class=\"s1\"><b>Contenido y uso<\/b><\/span><\/p><p class=\"p1\"><span class=\"s1\">La utilizaci\u00f3n del sitio Web le otorga la condici\u00f3n de Usuario, e implica la aceptaci\u00f3n completa de todas las cl\u00e1usulas y condiciones de uso incluidas en las p\u00e1ginas:<\/span><\/p><p class=\"p1\"><span class=\"s1\">\u00b7 Aviso Legal<\/span><\/p><p class=\"p1\"><span class=\"s1\">\u00b7 Pol\u00edtica de Privacidad<\/span><\/p><p class=\"p1\"><span class=\"s1\">\u00b7 Pol\u00edtica de Cookies<\/span><\/p><p class=\"p1\"><span class=\"s1\">Si no estuviera conforme con todas y cada una de estas cl\u00e1usulas y condiciones abst\u00e9ngase de utilizar este sitio Web.<\/span><\/p><p class=\"p1\"><span class=\"s1\">El acceso a este sitio Web no supone, en modo alguno, el inicio de una relaci\u00f3n comercial con el Titular.<\/span><\/p><p class=\"p1\"><span class=\"s1\">A trav\u00e9s de este sitio Web, el Titular le facilita el acceso y la utilizaci\u00f3n de diversos contenidos que el Titular o sus colaboradores han publicado por medio de Internet.<\/span><\/p><p class=\"p1\"><span class=\"s1\">A tal efecto, usted est\u00e1 obligado y comprometido a NO utilizar cualquiera de los contenidos del sitio Web con fines o efectos il\u00edcitos, prohibidos en este Aviso Legal o por la legislaci\u00f3n vigente, lesivos de los derechos e intereses de terceros, o que de cualquier forma puedan da\u00f1ar, inutilizar, sobrecargar, deteriorar o impedir la normal utilizaci\u00f3n de los contenidos, los equipos inform\u00e1ticos o los documentos, archivos y toda clase de contenidos almacenados en cualquier equipo inform\u00e1tico propios o contratados por el Titular, de otros usuarios o de cualquier usuario de Internet.<\/span><\/p><p class=\"p1\"><span class=\"s1\">El titular del web no se identifica con las opiniones vertidas en el mismo por sus colaboradores. La Empresa se reserva el derecho de efectuar sin previo aviso las modificaciones que considere oportunas en su Web, pudiendo cambiar, suprimir o a\u00f1adir tanto los contenidos y servicios que se presten a trav\u00e9s de la misma como la forma en la que \u00e9stos aparezcan presentados o localizados en sus servidores.<\/span><\/p><p class=\"p1\"><span class=\"s1\"><b>Comentarios<\/b><\/span><\/p><p class=\"p1\"><span class=\"s1\">El Titular se reserva el derecho de retirar todos aquellos comentarios que vulneren la legislaci\u00f3n vigente, lesivos de los derechos o intereses de terceros, o que, a su juicio, no resulten adecuados para su publicaci\u00f3n.<\/span><\/p><p class=\"p1\"><span class=\"s1\">El Titular no ser\u00e1 responsable de las opiniones vertidas por los usuarios a trav\u00e9s del sistema de comentarios, redes sociales u otras herramientas de participaci\u00f3n, conforme a lo previsto en la normativa de aplicaci\u00f3n.<\/span><\/p><p class=\"p1\"><span class=\"s1\"><b>Propiedad intelectual e industrial<\/b><\/span><\/p><p class=\"p1\"><span class=\"s1\">Los derechos de propiedad intelectual del contenido de las p\u00e1ginas web, su dise\u00f1o gr\u00e1fico y c\u00f3digos son titularidad de IGNASI POMAR SAIS y, por tanto, queda prohibida su reproducci\u00f3n, distribuci\u00f3n, comunicaci\u00f3n p\u00fablica, transformaci\u00f3n o cualquier otra actividad que se pueda realizar con los contenidos de sus p\u00e1ginas web ni aun citando las fuentes, salvo consentimiento por escrito de IGNASI POMAR SAIS. Todos los nombres comerciales, marcas o signos distintos de cualquier clase contenidos en las p\u00e1ginas web de la Empresa son propiedad de sus due\u00f1os y est\u00e1n protegidos por ley.<\/span><\/p><p class=\"p1\"><span class=\"s1\"><b>Enlaces (Links)<\/b><\/span><\/p><p class=\"p1\"><span class=\"s1\">El Titular puede proporcionarle acceso a sitios Web de terceros mediante enlaces con la finalidad de informar sobre la existencia de otras fuentes de informaci\u00f3n en Internet en las que podr\u00e1 ampliar los datos ofrecidos en el sitio Web.<\/span><\/p><p class=\"p1\"><span class=\"s1\">Estos enlaces a otros sitios Web no suponen en ning\u00fan caso una sugerencia o recomendaci\u00f3n para que usted visite las p\u00e1ginas web de destino, que est\u00e1n fuera del control del Titular, por lo que Titular no es responsable del contenido de los sitios web vinculados ni del resultado que obtenga al seguir los enlaces.<\/span><\/p><p class=\"p1\"><span class=\"s1\">Asimismo, el Titular no responde de los links o enlaces ubicados en los sitios web vinculados a los que le proporciona acceso.<\/span><\/p><p class=\"p1\"><span class=\"s1\">El establecimiento del enlace no implica en ning\u00fan caso la existencia de relaciones entre Titular y el propietario del sitio en el que se establezca el enlace, ni la aceptaci\u00f3n o aprobaci\u00f3n por parte del Titular de sus contenidos o servicios.<\/span><\/p><p class=\"p1\"><span class=\"s1\">Si accede a un sitio Web externo desde un enlace que encuentre en el Sitio Web usted deber\u00e1 leer la propia pol\u00edtica de privacidad del otro sitio web que puede ser diferente de la de este sitio Web.<\/span><\/p><p class=\"p1\"><span class=\"s1\"><b>Confidencialidad y Protecci\u00f3n de Datos<\/b><\/span><\/p><p class=\"p1\"><span class=\"s1\">A efecto de lo previsto en RGPD de 27 de abril de 2016, IGNASI POMAR SAIS informa al Usuario de la existencia de un tratamiento automatizado de datos de car\u00e1cter personal creado por y para IGNASI POMAR SAIS y bajo su responsabilidad, con la finalidad de realizar el mantenimiento y gesti\u00f3n de la relaci\u00f3n con el Usuario, as\u00ed como las labores de informaci\u00f3n. En el momento de la aceptaci\u00f3n de las presentes condiciones generales, IGNASI POMAR SAIS precisar\u00e1 del Usuario la recogida de unos datos imprescindibles para la prestaci\u00f3n de sus servicios.<\/span><\/p><p class=\"p1\"><span class=\"s1\"><b>Registro de ficheros y formularios<\/b><\/span><\/p><p class=\"p1\"><span class=\"s1\">La cumplimentaci\u00f3n del formulario de registro es obligatoria para acceder y disfrutar de determinados servicios ofrecidos en la web. El no facilitar los datos personales solicitados o el no aceptar la presente pol\u00edtica de protecci\u00f3n de datos supone la imposibilidad de suscribirse, registrarse o participar en cualquiera de las promociones en las que se soliciten datos car\u00e1cter personal.<\/span><\/p><p class=\"p1\"><span class=\"s1\">A efecto de lo previsto en RGPD de 27 de abril de 2016, le informamos que los datos personales que se obtengan como consecuencia de su registro como Usuario, ser\u00e1n incorporados a un fichero titularidad de IGNASI POMAR SAIS con C.I.F 40373590-B y domicilio en AVD BARCELONETA 66, SILS, 17410, GIRONA, teniendo implementadas las medidas de seguridad establecidas en el Real Decreto 1720\/2007, de 11 de junio.<\/span><\/p><p class=\"p1\"><span class=\"s1\"><b>Exactitud y veracidad de los datos facilitados<\/b><\/span><\/p><p class=\"p1\"><span class=\"s1\">El Usuario es el \u00fanico responsable de la veracidad y correcci\u00f3n de los datos incluidos, exoner\u00e1ndose IGNASI POMAR SAIS de cualquier responsabilidad al respecto. Los usuarios garantizan y responden, en cualquier caso, de la exactitud, vigencia y autenticidad de los datos personales facilitados, y se comprometen a mantenerlos debidamente actualizados. El usuario acepta proporcionar informaci\u00f3n completa y correcta en el formulario de registro o suscripci\u00f3n. IGNASI POMAR SAIS no responde de la veracidad de las informaciones que no sean de elaboraci\u00f3n propia y de las que se indique otra fuente, por lo que tampoco asume responsabilidad alguna en cuanto a hipot\u00e9ticos perjuicios que pudieran originarse por el uso de dicha informaci\u00f3n.<span class=\"Apple-converted-space\">\u00a0 <\/span>IGNASI POMAR SAIS se reserva el derecho a actualizar, modificar o eliminar la informaci\u00f3n contenida en sus p\u00e1ginas web pudiendo incluso limitar o no permitir el acceso a dicha informaci\u00f3n. Se exonera a IGNASI POMAR SAIS de responsabilidad ante cualquier da\u00f1o o perjuicio que pudiera sufrir el Usuario como consecuencia de errores, defectos u omisiones, en la informaci\u00f3n facilitada por IGNASI POMAR SAIS siempre que proceda de fuentes ajenas a IGNASI POMAR SAIS.<\/span><\/p><p class=\"p1\"><span class=\"s1\"><b>Cookies<\/b><\/span><\/p><p class=\"p4\"><span class=\"s1\">En la p\u00e1gina Pol\u00edtica de Cookies puede consultar toda la informaci\u00f3n relativa a la pol\u00edtica de recogida y tratamiento de las cookies.<\/span><\/p><p class=\"p4\"><span class=\"s1\">El Titular s\u00f3lo obtiene y conserva la siguiente informaci\u00f3n acerca de los visitantes del Sitio Web:<\/span><\/p><p class=\"p4\"><span class=\"s1\">\u00b7 El nombre de dominio del proveedor (PSI) y\/o direcci\u00f3n IP que les da acceso a la red.<\/span><\/p><p class=\"p4\"><span class=\"s1\">\u00b7 La fecha y hora de acceso al sitio Web.<\/span><\/p><p class=\"p4\"><span class=\"s1\">\u00b7 La direcci\u00f3n de Internet origen del enlace que dirige al sitio Web.<\/span><\/p><p class=\"p4\"><span class=\"s1\">\u00b7 El n\u00famero de visitantes diarios de cada secci\u00f3n.<\/span><\/p><p class=\"p4\"><span class=\"s1\">La informaci\u00f3n obtenida es totalmente an\u00f3nima, y en ning\u00fan caso puede ser asociada a un usuario concreto e identificado.<\/span><\/p><p class=\"p1\"><span class=\"s1\"><b>Menores de edad<\/b><\/span><\/p><p class=\"p1\"><span class=\"s1\">Usted debe tener al menos 18 a\u00f1os de edad para usar los servicios ofrecidos por el Titular o la mayor\u00eda de edad que se requiera su pa\u00eds para registrarse en el sitio Web o utilizarlo. Si reside en un pa\u00eds que no pertenezca a la Regi\u00f3n europea, debe tener al menos 13 a\u00f1os de edad para usar el sitio Web o la mayor\u00eda de edad que se requiera su pa\u00eds para registrarse en el sitio Web o utilizarlo.<\/span><\/p><p class=\"p1\"><span class=\"s1\">Adem\u00e1s de tener la edad m\u00ednima requerida para usar el sitio Web en virtud de la ley aplicable, si no tiene la edad suficiente para poder aceptar nuestras condiciones en su pa\u00eds, su padre, madre, o tutor deben aceptar nuestras condiciones en su nombre.<\/span><\/p><p class=\"p1\"><span class=\"s1\"><b>Cesi\u00f3n de datos a terceros<\/b><\/span><\/p><p class=\"p1\"><span class=\"s1\">IGNASI POMAR SAIS no realizar\u00e1 cesi\u00f3n de datos de los usuarios a terceros.<\/span><\/p><p class=\"p1\"><span class=\"s1\">Ejercicio de derechos de acceso, rectificaci\u00f3n, cancelaci\u00f3n y oposici\u00f3n<\/span><\/p><p class=\"p1\"><span class=\"s1\">Podr\u00e1 dirigir sus comunicaciones y ejercitar los derechos de acceso, rectificaci\u00f3n, supresi\u00f3n, limitaci\u00f3n, portabilidad y oposici\u00f3n en la direcci\u00f3n de Internet a http:\/\/www.ipstecnic.com\/ o bien por correo ordinario dirigido a IGNASI POMAR SAIS, Ref. RGPD, en AVD BARCELONETA 66, SILS, 17410, GIRONA. Para ejercer dichos derechos es necesario que usted acredite su personalidad frente a IGNASI POMAR SAIS mediante el env\u00edo de fotocopia de Documento Nacional de Identidad o cualquier otro medio v\u00e1lido en Derecho. No obstante, la modificaci\u00f3n o rectificaci\u00f3n de sus datos de registro se podr\u00e1 realizar en el propio Site identific\u00e1ndose, previamente, con su usuario y contrase\u00f1a.<\/span><\/p><p class=\"p1\"><span class=\"s1\"><b>Medidas de seguridad<\/b><\/span><\/p><p class=\"p1\"><span class=\"s1\">IGNASI POMAR SAIS ha adoptado los niveles de seguridad de protecci\u00f3n de los Datos Personales legalmente requeridos, y procuran instalar aquellos otros medios y medidas t\u00e9cnicas adicionales a su alcance para evitar la p\u00e9rdida, mal uso, alteraci\u00f3n, acceso no autorizado y robo de los Datos Personales facilitados a IGNASI POMAR SAIS no ser\u00e1 responsable de posibles da\u00f1os o perjuicios que se pudieran derivar de interferencias, omisiones, interrupciones, virus inform\u00e1ticos, aver\u00edas telef\u00f3nicas o desconexiones en el funcionamiento operativo de este sistema electr\u00f3nico, motivadas por causas ajenas a IGNASI POMAR SAIS; de retrasos o bloqueos en el uso del presente sistema electr\u00f3nico causados por deficiencias o sobrecargas de l\u00edneas telef\u00f3nicas o sobrecargas en el Centro de Procesos de Datos, en el sistema de Internet o en otros sistemas electr\u00f3nicos, as\u00ed como de da\u00f1os que puedan ser causados por terceras personas mediante intromisiones ileg\u00edtimas fuera del control de IGNASI POMAR SAIS. Ello, no obstante, el Usuario debe ser consciente de que las medidas de seguridad en Internet no son inexpugnables.<\/span><\/p><p class=\"p1\"><span class=\"s1\"><b>Aceptaci\u00f3n y consentimiento<\/b><\/span><\/p><p class=\"p1\"><span class=\"s1\">El usuario declara haber sido informado de las condiciones sobre protecci\u00f3n de datos personales, aceptando y consintiendo el tratamiento automatizado de los mismos por parte de IGNASI POMAR SAIS, en la forma y para las finalidades indicadas en la presente Pol\u00edtica de Protecci\u00f3n de Datos Personales. Ciertos servicios prestados en el Portal pueden contener condiciones particulares con previsiones espec\u00edficas en materia de protecci\u00f3n de Datos Personales.<\/span><\/p>\t\t\t\t\t\t\t\t<\/div>\n\t\t\t\t<\/div>\n\t\t\t\t<\/div>\n\t\t\t\t<\/div>\n\t\t\t\t<\/div>","protected":false},"excerpt":{"rendered":"<p>AVISO LEGAL Identificaci\u00f3n y Titularidad En cumplimiento del art\u00edculo 10 de la Ley 34 \/ 2002, de 11 de julio, de Servicios de la Sociedad de la Informaci\u00f3n y Comercio Electr\u00f3nico, el Titular expone sus datos identificativos. Titular: Ignasi Pomar Sais. Arquitecto T\u00e9cnico, colegiado en el Col\u00b7legi de l\u2019Arquitectura T\u00e8cnica de Girona amb n\u00ba 1436. [&hellip;]<\/p>\n","protected":false},"author":1,"featured_media":0,"parent":0,"menu_order":0,"comment_status":"closed","ping_status":"closed","template":"elementor_header_footer","meta":{"footnotes":""},"class_list":["post-380","page","type-page","status-publish","hentry"],"_links":{"self":[{"href":"https:\/\/www.ipstecnic.com\/es\/wp-json\/wp\/v2\/pages\/380","targetHints":{"allow":["GET"]}}],"collection":[{"href":"https:\/\/www.ipstecnic.com\/es\/wp-json\/wp\/v2\/pages"}],"about":[{"href":"https:\/\/www.ipstecnic.com\/es\/wp-json\/wp\/v2\/types\/page"}],"author":[{"embeddable":true,"href":"https:\/\/www.ipstecnic.com\/es\/wp-json\/wp\/v2\/users\/1"}],"replies":[{"embeddable":true,"href":"https:\/\/www.ipstecnic.com\/es\/wp-json\/wp\/v2\/comments?post=380"}],"version-history":[{"count":4,"href":"https:\/\/www.ipstecnic.com\/es\/wp-json\/wp\/v2\/pages\/380\/revisions"}],"predecessor-version":[{"id":385,"href":"https:\/\/www.ipstecnic.com\/es\/wp-json\/wp\/v2\/pages\/380\/revisions\/385"}],"wp:attachment":[{"href":"https:\/\/www.ipstecnic.com\/es\/wp-json\/wp\/v2\/media?parent=380"}],"curies":[{"name":"wp","href":"https:\/\/api.w.org\/{rel}","templated":true}]}}